{"id":14,"date":"2016-11-21T10:16:33","date_gmt":"2016-11-21T09:16:33","guid":{"rendered":"http:\/\/www.citis-meisterwerkstatt.de\/?page_id=14"},"modified":"2020-01-08T10:36:10","modified_gmt":"2020-01-08T09:36:10","slug":"kontakt","status":"publish","type":"page","link":"http:\/\/www.citis-meisterwerkstatt.de\/?page_id=14","title":{"rendered":"Kontakt"},"content":{"rendered":"<p>Citi&#8217;s KFZ-Meisterwerkstatt<\/p>\n<p>Neuwiesenstra\u00dfe 6<br \/>\n76689 Karlsdorf-Neuthard<\/p>\n<p>(Gegen\u00fcber der Shell Tankstelle)<\/p>\n<p>Tel.: 07251 &#8211; 61835 33<br \/>\nFax: 07251 &#8211; 61835 34<br \/>\nMail: citis-meisterwerkstatt@web.de<\/p>\n<p>\u00d6ffnungszeiten:<br \/>\nMontag bis Freitag: 7:30 &#8211; 12:00 Uhr und 13:00 &#8211; 17:00 Uhr<\/p>\n<div style=\"display:none\" class=\"fm-form-container fm-theme10\"><div id=\"fm-pages10\" class=\"fm-pages wdform_page_navigation \" show_title=\"false\" show_numbers=\"true\" type=\"none\"><\/div><form name=\"form10\" action=\"\/index.php?rest_route=%2Fwp%2Fv2%2Fpages%2F14\" method=\"post\" id=\"form10\" class=\"fm-form form10  \" enctype=\"multipart\/form-data\"><input type=\"hidden\" id=\"counter10\" value=\"13\" name=\"counter10\" \/><input type=\"hidden\" id=\"Itemid10\" value=\"\" name=\"Itemid10\" \/><input type=\"text\" class=\"fm-hide\" id=\"fm_bot_validation10\" value=\"\" name=\"fm_bot_validation10\" \/><input type=\"text\" class=\"fm-hide\" id=\"fm_empty_field_validation10\" value=\"\" name=\"fm_empty_field_validation10\" data-value=\"5aedb56bf2b49ad00c54df02b42a5beb\" \/><input type=\"hidden\" id=\"fm_form_nonce10\" name=\"fm_form_nonce10\" value=\"ec18417d27\" \/><input type=\"hidden\" name=\"_wp_http_referer\" value=\"\/index.php?rest_route=%2Fwp%2Fv2%2Fpages%2F14\" \/><div class=\"wdform-page-and-images\" style=\"display:table; border-top:0px solid black;\"><div id=\"10form_view1\" class=\"wdform_page\" page_title=\"Untitled page\" next_title=\"Next\" next_type=\"text\" next_class=\"wdform-page-button\" next_checkable=\"true\" previous_title=\"Previous\" previous_type=\"text\" previous_class=\"wdform-page-button\" previous_checkable=\"false\"><div class=\"wdform_section\" style=\"display: table-row;\"><div class=\"wdform_column \"><div wdid=\"6\" class=\"wdform_row \"><div type=\"type_text\" class=\"wdform-field wd-width-100 wd-flex wd-flex-row\"><div class=\"wdform-label-section wd-width-30  wd-flex-row wd-align-items-center\" style=\"max-width: 100px;\">    <label  for=\"wdform_6_element10\" class=\"wdform-label\">Name:<\/label><span class=\"wdform-required\">*<\/span><\/div><div class=\"wdform-element-section wd-flex  wd-flex-row wd-align-items-center wd-width-70\" style=\"max-width: 200px;\"><input type=\"text\"                           class=\"wd-width-100\"                           id=\"wdform_6_element10\"                           name=\"wdform_6_element10\"                           value=\"\"                           title=\"\"                           placeholder=\"\"                                                       \/><\/div><\/div><\/div><div wdid=\"9\" class=\"wdform_row \"><div type=\"type_submitter_mail\" class=\"wdform-field wd-width-100 wd-flex wd-flex-row\"><div class=\"wdform-label-section wd-width-30  wd-flex-row\" style=\"max-width: 100px;\">    <label  for=\"wdform_9_element10\" class=\"wdform-label\">E-mail:<\/label><span class=\"wdform-required\">*<\/span><\/div><div class=\"wdform-element-section wd-flex  wd-flex-row wd-width-70\" style=\"max-width: 200px;\"><input type=\"text\" class=\"wd-width-100\" id=\"wdform_9_element10\" name=\"wdform_9_element10\" value=\"\" title=\"\" placeholder=\"\"   onchange=\"wd_check_email('9', '10', 'This is not a valid email address.')\" \/><\/div><\/div><\/div><div wdid=\"10\" class=\"wdform_row \"><div type=\"type_number\" class=\"wdform-field\" style=\"width: 310px\"><div class=\"wdform-label-section wd-width-30 \" style=\"max-width: 100px;\">    <label  for=\"wdform_10_element10\" class=\"wdform-label\">Telefon:<\/label><\/div><div class=\"wdform-element-section \" style=\"width: 200px;\">              <input type=\"text\"                     class=\"wd-width-100\"                     id=\"wdform_10_element10\"                     name=\"wdform_10_element10\"                     value=\"\"                     title=\"\"                     >              <\/div><\/div><\/div><div wdid=\"11\" class=\"wdform_row \"><div type=\"type_textarea\" class=\"wdform-field wd-width-100 wd-flex wd-flex-row\"><div class=\"wdform-label-section wd-width-30 \" style=\"max-width: 100px;\">    <label  for=\"wdform_11_element10\" class=\"wdform-label\">Nachricht:<\/label><span class=\"wdform-required\">*<\/span><\/div><div class=\"wdform-element-section wd-flex  wd-width-70\" style=\"max-width: 400px;\"><textarea class=\"wd-width-100\"                      id=\"wdform_11_element10\"                      name=\"wdform_11_element10\"                      placeholder=\"\"                      style=\"height: 185px;\"                      ><\/textarea><\/div><\/div><\/div><div wdid=\"12\" class=\"wdform_row \"><div type=\"type_submit_reset\" class=\"wdform-field wd-width-100 wd-flex wd-flex-column\"><div class=\"wdform-element-section wd-flex  wd-flex-row wd-width-100\" ><button  type=\"button\" class=\"button-submit\" onclick=\"fm_submit_form('10');\"  data-ajax=\"0\"><span class=\"fm-submit-loading spinner fm-ico-spinner\"><\/span>Nachricht abschicken<\/button><button  type=\"button\" class=\"button-reset wd-hidden\" onclick=\"fm_reset_form(10);\" >Felder leeren<\/button><\/div><\/div><\/div><\/div><\/div><div valign=\"top\" class=\"wdform_footer\" style=\"width: 100%;\"><div style=\"width: 100%;\"><div style=\"width: 100%; display: table;\"><div style=\"display: table-row-group;\"><div id=\"10page_nav1\" style=\"display: table-row;\"><\/div><\/div><\/div><\/div><\/div><\/div><\/div><div class=\"wdform_preload\"><\/div><\/form><\/div>\n","protected":false},"excerpt":{"rendered":"<p>Citi&#8217;s KFZ-Meisterwerkstatt Neuwiesenstra\u00dfe 6 76689 Karlsdorf-Neuthard (Gegen\u00fcber der Shell Tankstelle) Tel.: 07251 &#8211; 61835 33 Fax: 07251 &#8211; 61835 34 Mail: citis-meisterwerkstatt@web.de \u00d6ffnungszeiten: Montag bis Freitag: 7:30 &#8211; 12:00 Uhr und 13:00<a class=\"moretag\" href=\"http:\/\/www.citis-meisterwerkstatt.de\/?page_id=14\">Weiterlesen&#8230;<\/a><\/p>\n","protected":false},"author":1,"featured_media":0,"parent":0,"menu_order":0,"comment_status":"closed","ping_status":"closed","template":"","meta":{"footnotes":""},"class_list":["post-14","page","type-page","status-publish","hentry"],"_links":{"self":[{"href":"http:\/\/www.citis-meisterwerkstatt.de\/index.php?rest_route=\/wp\/v2\/pages\/14","targetHints":{"allow":["GET"]}}],"collection":[{"href":"http:\/\/www.citis-meisterwerkstatt.de\/index.php?rest_route=\/wp\/v2\/pages"}],"about":[{"href":"http:\/\/www.citis-meisterwerkstatt.de\/index.php?rest_route=\/wp\/v2\/types\/page"}],"author":[{"embeddable":true,"href":"http:\/\/www.citis-meisterwerkstatt.de\/index.php?rest_route=\/wp\/v2\/users\/1"}],"replies":[{"embeddable":true,"href":"http:\/\/www.citis-meisterwerkstatt.de\/index.php?rest_route=%2Fwp%2Fv2%2Fcomments&post=14"}],"version-history":[{"count":6,"href":"http:\/\/www.citis-meisterwerkstatt.de\/index.php?rest_route=\/wp\/v2\/pages\/14\/revisions"}],"predecessor-version":[{"id":498,"href":"http:\/\/www.citis-meisterwerkstatt.de\/index.php?rest_route=\/wp\/v2\/pages\/14\/revisions\/498"}],"wp:attachment":[{"href":"http:\/\/www.citis-meisterwerkstatt.de\/index.php?rest_route=%2Fwp%2Fv2%2Fmedia&parent=14"}],"curies":[{"name":"wp","href":"https:\/\/api.w.org\/{rel}","templated":true}]}}