{"id":10,"date":"2016-11-21T10:15:52","date_gmt":"2016-11-21T09:15:52","guid":{"rendered":"http:\/\/www.citis-meisterwerkstatt.de\/?page_id=10"},"modified":"2020-10-02T10:22:28","modified_gmt":"2020-10-02T08:22:28","slug":"werkstatt","status":"publish","type":"page","link":"http:\/\/www.citis-meisterwerkstatt.de\/?page_id=10","title":{"rendered":"Werkstatt"},"content":{"rendered":"<p>Mit modernen Diagnoseger\u00e4ten k\u00f6nnen wir Steuerger\u00e4te f\u00fcr Motor und Komfortsysteme nicht nur auslesen, sondern auch deren Fehlerspeicher l\u00f6schen und somit Fehlfunktionen wie z.B. ABS-Sensorfehler, Ventilsteuerung f\u00fcr Reifenluftdruck, Tempomat- oder Airbag-Fehler sicher beseitigen.<\/p>\n<p>Wir f\u00fchren s\u00e4mtliche Arbeiten am Fahrwerk durch, angefangen vom Fahrwerkstest bis hin zum Sto\u00dfd\u00e4mpfer. Motor und Getriebeinstandsetzung, Reifenservice, Austausch und Reparatur von Abgasanlagen, leckende \u00d6lwannen, defekte Lenkung oder Bremsen &#8230;<\/p>\n<p>&#8230; wir pr\u00fcfen Ihr Fahrzeug auf Herz und Nieren, denn wir haben das notwendige Know-How dazu.<\/p>\n<p>Hauptuntersuchung &#8211; T\u00dcV und Abgasuntersuchung, k\u00f6nnen Sie bei uns jeden Mittwoch durchf\u00fchren lassen. Mit unseren bew\u00e4hrten Pr\u00fcfger\u00e4te stellen wir die Funktionst\u00fcchtigkeit Ihres Fahrzeuges sicher. So werden kleine M\u00e4ngel fr\u00fchzeitig erkannt und k\u00f6nnen umgehend behoben werden, ohne erst gr\u00f6\u00dfere Sch\u00e4den zu verursachen.<\/p>\n<div id='gallery-1' class='gallery galleryid-10 gallery-columns-3 gallery-size-thumbnail'><dl class='gallery-item'>\n\t\t\t<dt class='gallery-icon landscape'>\n\t\t\t\t<a href='http:\/\/www.citis-meisterwerkstatt.de\/wp-content\/uploads\/2016\/11\/Werkstatt_01.jpg'><img loading=\"lazy\" decoding=\"async\" width=\"150\" height=\"150\" src=\"http:\/\/www.citis-meisterwerkstatt.de\/wp-content\/uploads\/2016\/11\/Werkstatt_01-150x150.jpg\" class=\"attachment-thumbnail size-thumbnail\" alt=\"\" \/><\/a>\n\t\t\t<\/dt><\/dl><dl class='gallery-item'>\n\t\t\t<dt class='gallery-icon landscape'>\n\t\t\t\t<a href='http:\/\/www.citis-meisterwerkstatt.de\/wp-content\/uploads\/2016\/11\/Werkstatt_02.jpg'><img loading=\"lazy\" decoding=\"async\" width=\"150\" height=\"150\" src=\"http:\/\/www.citis-meisterwerkstatt.de\/wp-content\/uploads\/2016\/11\/Werkstatt_02-150x150.jpg\" class=\"attachment-thumbnail size-thumbnail\" alt=\"\" \/><\/a>\n\t\t\t<\/dt><\/dl><dl class='gallery-item'>\n\t\t\t<dt class='gallery-icon landscape'>\n\t\t\t\t<a href='http:\/\/www.citis-meisterwerkstatt.de\/wp-content\/uploads\/2020\/10\/img_2197-scaled.jpg'><img loading=\"lazy\" decoding=\"async\" width=\"150\" height=\"150\" src=\"http:\/\/www.citis-meisterwerkstatt.de\/wp-content\/uploads\/2020\/10\/img_2197-150x150.jpg\" class=\"attachment-thumbnail size-thumbnail\" alt=\"\" \/><\/a>\n\t\t\t<\/dt><\/dl><br style=\"clear: both\" \/><dl class='gallery-item'>\n\t\t\t<dt class='gallery-icon landscape'>\n\t\t\t\t<a href='http:\/\/www.citis-meisterwerkstatt.de\/wp-content\/uploads\/2020\/10\/img_2200-scaled.jpg'><img loading=\"lazy\" decoding=\"async\" width=\"150\" height=\"150\" src=\"http:\/\/www.citis-meisterwerkstatt.de\/wp-content\/uploads\/2020\/10\/img_2200-150x150.jpg\" class=\"attachment-thumbnail size-thumbnail\" alt=\"\" \/><\/a>\n\t\t\t<\/dt><\/dl><dl class='gallery-item'>\n\t\t\t<dt class='gallery-icon landscape'>\n\t\t\t\t<a href='http:\/\/www.citis-meisterwerkstatt.de\/wp-content\/uploads\/2020\/10\/img_2201-scaled.jpg'><img loading=\"lazy\" decoding=\"async\" width=\"150\" height=\"150\" src=\"http:\/\/www.citis-meisterwerkstatt.de\/wp-content\/uploads\/2020\/10\/img_2201-150x150.jpg\" class=\"attachment-thumbnail size-thumbnail\" alt=\"\" \/><\/a>\n\t\t\t<\/dt><\/dl><dl class='gallery-item'>\n\t\t\t<dt class='gallery-icon landscape'>\n\t\t\t\t<a href='http:\/\/www.citis-meisterwerkstatt.de\/wp-content\/uploads\/2020\/10\/img_2198-scaled.jpg'><img loading=\"lazy\" decoding=\"async\" width=\"150\" height=\"150\" src=\"http:\/\/www.citis-meisterwerkstatt.de\/wp-content\/uploads\/2020\/10\/img_2198-150x150.jpg\" class=\"attachment-thumbnail size-thumbnail\" alt=\"\" \/><\/a>\n\t\t\t<\/dt><\/dl><br style=\"clear: both\" \/><dl class='gallery-item'>\n\t\t\t<dt class='gallery-icon landscape'>\n\t\t\t\t<a href='http:\/\/www.citis-meisterwerkstatt.de\/wp-content\/uploads\/2016\/11\/Werkstatt_06.jpg'><img loading=\"lazy\" decoding=\"async\" width=\"150\" height=\"150\" src=\"http:\/\/www.citis-meisterwerkstatt.de\/wp-content\/uploads\/2016\/11\/Werkstatt_06-150x150.jpg\" class=\"attachment-thumbnail size-thumbnail\" alt=\"\" \/><\/a>\n\t\t\t<\/dt><\/dl><dl class='gallery-item'>\n\t\t\t<dt class='gallery-icon landscape'>\n\t\t\t\t<a href='http:\/\/www.citis-meisterwerkstatt.de\/wp-content\/uploads\/2016\/11\/Werkstatt_07.jpg'><img loading=\"lazy\" decoding=\"async\" width=\"150\" height=\"150\" src=\"http:\/\/www.citis-meisterwerkstatt.de\/wp-content\/uploads\/2016\/11\/Werkstatt_07-150x150.jpg\" class=\"attachment-thumbnail size-thumbnail\" alt=\"\" \/><\/a>\n\t\t\t<\/dt><\/dl><dl class='gallery-item'>\n\t\t\t<dt class='gallery-icon landscape'>\n\t\t\t\t<a href='http:\/\/www.citis-meisterwerkstatt.de\/wp-content\/uploads\/2016\/11\/Werkstatt_08.jpg'><img loading=\"lazy\" decoding=\"async\" width=\"150\" height=\"150\" src=\"http:\/\/www.citis-meisterwerkstatt.de\/wp-content\/uploads\/2016\/11\/Werkstatt_08-150x150.jpg\" class=\"attachment-thumbnail size-thumbnail\" alt=\"\" \/><\/a>\n\t\t\t<\/dt><\/dl><br style=\"clear: both\" \/><dl class='gallery-item'>\n\t\t\t<dt class='gallery-icon landscape'>\n\t\t\t\t<a href='http:\/\/www.citis-meisterwerkstatt.de\/wp-content\/uploads\/2016\/11\/Werkstatt_09.jpg'><img loading=\"lazy\" decoding=\"async\" width=\"150\" height=\"150\" src=\"http:\/\/www.citis-meisterwerkstatt.de\/wp-content\/uploads\/2016\/11\/Werkstatt_09-150x150.jpg\" class=\"attachment-thumbnail size-thumbnail\" alt=\"\" \/><\/a>\n\t\t\t<\/dt><\/dl><dl class='gallery-item'>\n\t\t\t<dt class='gallery-icon portrait'>\n\t\t\t\t<a href='http:\/\/www.citis-meisterwerkstatt.de\/wp-content\/uploads\/2020\/02\/Cosimo.jpg'><img loading=\"lazy\" decoding=\"async\" width=\"150\" height=\"150\" src=\"http:\/\/www.citis-meisterwerkstatt.de\/wp-content\/uploads\/2020\/02\/Cosimo-150x150.jpg\" class=\"attachment-thumbnail size-thumbnail\" alt=\"\" aria-describedby=\"gallery-1-542\" \/><\/a>\n\t\t\t<\/dt>\n\t\t\t\t<dd class='wp-caption-text gallery-caption' id='gallery-1-542'>\n\t\t\t\tBMW M135i\n\t\t\t\t<\/dd><\/dl>\n\t\t\t<br style='clear: both' \/>\n\t\t<\/div>\n\n","protected":false},"excerpt":{"rendered":"<p>Mit modernen Diagnoseger\u00e4ten k\u00f6nnen wir Steuerger\u00e4te f\u00fcr Motor und Komfortsysteme nicht nur auslesen, sondern auch deren Fehlerspeicher l\u00f6schen und somit Fehlfunktionen wie z.B. ABS-Sensorfehler, Ventilsteuerung f\u00fcr Reifenluftdruck, Tempomat- oder Airbag-Fehler sicher beseitigen.<a class=\"moretag\" href=\"http:\/\/www.citis-meisterwerkstatt.de\/?page_id=10\">Weiterlesen&#8230;<\/a><\/p>\n","protected":false},"author":1,"featured_media":0,"parent":0,"menu_order":0,"comment_status":"closed","ping_status":"closed","template":"","meta":{"footnotes":""},"class_list":["post-10","page","type-page","status-publish","hentry"],"_links":{"self":[{"href":"http:\/\/www.citis-meisterwerkstatt.de\/index.php?rest_route=\/wp\/v2\/pages\/10","targetHints":{"allow":["GET"]}}],"collection":[{"href":"http:\/\/www.citis-meisterwerkstatt.de\/index.php?rest_route=\/wp\/v2\/pages"}],"about":[{"href":"http:\/\/www.citis-meisterwerkstatt.de\/index.php?rest_route=\/wp\/v2\/types\/page"}],"author":[{"embeddable":true,"href":"http:\/\/www.citis-meisterwerkstatt.de\/index.php?rest_route=\/wp\/v2\/users\/1"}],"replies":[{"embeddable":true,"href":"http:\/\/www.citis-meisterwerkstatt.de\/index.php?rest_route=%2Fwp%2Fv2%2Fcomments&post=10"}],"version-history":[{"count":10,"href":"http:\/\/www.citis-meisterwerkstatt.de\/index.php?rest_route=\/wp\/v2\/pages\/10\/revisions"}],"predecessor-version":[{"id":643,"href":"http:\/\/www.citis-meisterwerkstatt.de\/index.php?rest_route=\/wp\/v2\/pages\/10\/revisions\/643"}],"wp:attachment":[{"href":"http:\/\/www.citis-meisterwerkstatt.de\/index.php?rest_route=%2Fwp%2Fv2%2Fmedia&parent=10"}],"curies":[{"name":"wp","href":"https:\/\/api.w.org\/{rel}","templated":true}]}}